{"id":25,"date":"2023-10-22T06:15:52","date_gmt":"2023-10-22T06:15:52","guid":{"rendered":"http:\/\/box2468.temp.domains\/~ceiguaco\/efipro\/blog\/"},"modified":"2024-07-19T20:36:26","modified_gmt":"2024-07-19T20:36:26","slug":"blog","status":"publish","type":"page","link":"http:\/\/box2468.temp.domains\/~ceiguaco\/efipro\/blog\/","title":{"rendered":"Blog"},"content":{"rendered":"\n<main class=\"wp-block-group alignfull is-layout-constrained wp-block-group-is-layout-constrained\">\n<div style=\"height:40px\" aria-hidden=\"true\" class=\"wp-block-spacer\"><\/div>\n\n\n\n<div class=\"wp-block-group is-layout-constrained wp-container-core-group-is-layout-3e5f4f53 wp-block-group-is-layout-constrained\">\n<h1 class=\"wp-block-heading has-text-align-center has-primary-color has-text-color\" style=\"font-size:clamp(2.2rem, 2.2rem + ((1vw - 0.2rem) * 1.946), 4rem);\">Noticias<\/h1>\n\n\n\n<p class=\"has-text-align-center has-medium-font-size\"><\/p>\n<\/div>\n\n\n\n<div style=\"height:80px\" aria-hidden=\"true\" class=\"wp-block-spacer\"><\/div>\n\n\n\n<div class=\"wp-block-query alignfull is-layout-constrained wp-block-query-is-layout-constrained\">\n\n\n<div style=\"height:40px\" aria-hidden=\"true\" class=\"wp-block-spacer\"><\/div>\n\n\n<\/div>\n<\/main>\n","protected":false},"excerpt":{"rendered":"<p>Noticias<\/p>\n","protected":false},"author":1,"featured_media":0,"parent":0,"menu_order":0,"comment_status":"closed","ping_status":"closed","template":"","meta":{"nf_dc_page":"","om_disable_all_campaigns":false,"_monsterinsights_skip_tracking":false,"_monsterinsights_sitenote_active":false,"_monsterinsights_sitenote_note":"","_monsterinsights_sitenote_category":0,"footnotes":""},"class_list":["post-25","page","type-page","status-publish","hentry"],"yoast_head":"<!-- This site is optimized with the Yoast SEO plugin v27.5 - https:\/\/yoast.com\/product\/yoast-seo-wordpress\/ -->\n<title>Blog - EFIPRO<\/title>\n<meta name=\"robots\" content=\"index, follow, max-snippet:-1, max-image-preview:large, max-video-preview:-1\" \/>\n<link rel=\"canonical\" href=\"http:\/\/box2468.temp.domains\/~ceiguaco\/efipro\/blog\/\" \/>\n<meta property=\"og:locale\" content=\"en_US\" \/>\n<meta property=\"og:type\" content=\"article\" \/>\n<meta property=\"og:title\" content=\"Blog - EFIPRO\" \/>\n<meta property=\"og:description\" content=\"Noticias\" \/>\n<meta property=\"og:url\" content=\"http:\/\/box2468.temp.domains\/~ceiguaco\/efipro\/blog\/\" \/>\n<meta property=\"og:site_name\" content=\"EFIPRO\" \/>\n<meta property=\"article:publisher\" content=\"https:\/\/www.facebook.com\/profile.php?id=61552602182924\" \/>\n<meta property=\"article:modified_time\" content=\"2024-07-19T20:36:26+00:00\" \/>\n<meta name=\"twitter:card\" content=\"summary_large_image\" \/>\n<meta name=\"twitter:site\" content=\"@efiprosa\" \/>\n<meta name=\"twitter:label1\" content=\"Est. reading time\" \/>\n\t<meta name=\"twitter:data1\" content=\"1 minute\" \/>\n<script type=\"application\/ld+json\" class=\"yoast-schema-graph\">{\"@context\":\"https:\\\/\\\/schema.org\",\"@graph\":[{\"@type\":\"WebPage\",\"@id\":\"http:\\\/\\\/box2468.temp.domains\\\/~ceiguaco\\\/efipro\\\/blog\\\/\",\"url\":\"http:\\\/\\\/box2468.temp.domains\\\/~ceiguaco\\\/efipro\\\/blog\\\/\",\"name\":\"Blog - EFIPRO\",\"isPartOf\":{\"@id\":\"https:\\\/\\\/box2468.temp.domains\\\/~ceiguaco\\\/efipro\\\/#website\"},\"datePublished\":\"2023-10-22T06:15:52+00:00\",\"dateModified\":\"2024-07-19T20:36:26+00:00\",\"breadcrumb\":{\"@id\":\"http:\\\/\\\/box2468.temp.domains\\\/~ceiguaco\\\/efipro\\\/blog\\\/#breadcrumb\"},\"inLanguage\":\"en-US\",\"potentialAction\":[{\"@type\":\"ReadAction\",\"target\":[\"http:\\\/\\\/box2468.temp.domains\\\/~ceiguaco\\\/efipro\\\/blog\\\/\"]}]},{\"@type\":\"BreadcrumbList\",\"@id\":\"http:\\\/\\\/box2468.temp.domains\\\/~ceiguaco\\\/efipro\\\/blog\\\/#breadcrumb\",\"itemListElement\":[{\"@type\":\"ListItem\",\"position\":1,\"name\":\"Home\",\"item\":\"https:\\\/\\\/box2468.temp.domains\\\/~ceiguaco\\\/efipro\\\/\"},{\"@type\":\"ListItem\",\"position\":2,\"name\":\"Blog\"}]},{\"@type\":\"WebSite\",\"@id\":\"https:\\\/\\\/box2468.temp.domains\\\/~ceiguaco\\\/efipro\\\/#website\",\"url\":\"https:\\\/\\\/box2468.temp.domains\\\/~ceiguaco\\\/efipro\\\/\",\"name\":\"EFIPRO\",\"description\":\"Cada vez es m\u00e1s importante tomar medidas para reducir el impacto del cambio clim\u00e1tico. Una forma de hacerlo es mediante la mejora de la eficiencia energ\u00e9tica. Te mostramos los beneficios, normativas, pol\u00edticas y herramientas para llevarlo a cabo. \u00a1\u00danete a la revoluci\u00f3n verde!\",\"publisher\":{\"@id\":\"https:\\\/\\\/box2468.temp.domains\\\/~ceiguaco\\\/efipro\\\/#organization\"},\"potentialAction\":[{\"@type\":\"SearchAction\",\"target\":{\"@type\":\"EntryPoint\",\"urlTemplate\":\"https:\\\/\\\/box2468.temp.domains\\\/~ceiguaco\\\/efipro\\\/?s={search_term_string}\"},\"query-input\":{\"@type\":\"PropertyValueSpecification\",\"valueRequired\":true,\"valueName\":\"search_term_string\"}}],\"inLanguage\":\"en-US\"},{\"@type\":\"Organization\",\"@id\":\"https:\\\/\\\/box2468.temp.domains\\\/~ceiguaco\\\/efipro\\\/#organization\",\"name\":\"EFIPRO\",\"url\":\"https:\\\/\\\/box2468.temp.domains\\\/~ceiguaco\\\/efipro\\\/\",\"logo\":{\"@type\":\"ImageObject\",\"inLanguage\":\"en-US\",\"@id\":\"https:\\\/\\\/box2468.temp.domains\\\/~ceiguaco\\\/efipro\\\/#\\\/schema\\\/logo\\\/image\\\/\",\"url\":\"https:\\\/\\\/i0.wp.com\\\/box2468.temp.domains\\\/~ceiguaco\\\/efipro\\\/wp-content\\\/uploads\\\/2023\\\/10\\\/g1-6.png?fit=555%2C462\",\"contentUrl\":\"https:\\\/\\\/i0.wp.com\\\/box2468.temp.domains\\\/~ceiguaco\\\/efipro\\\/wp-content\\\/uploads\\\/2023\\\/10\\\/g1-6.png?fit=555%2C462\",\"width\":555,\"height\":462,\"caption\":\"EFIPRO\"},\"image\":{\"@id\":\"https:\\\/\\\/box2468.temp.domains\\\/~ceiguaco\\\/efipro\\\/#\\\/schema\\\/logo\\\/image\\\/\"},\"sameAs\":[\"https:\\\/\\\/www.facebook.com\\\/profile.php?id=61552602182924\",\"https:\\\/\\\/x.com\\\/efiprosa\"]}]}<\/script>\n<!-- \/ Yoast SEO plugin. -->","yoast_head_json":{"title":"Blog - EFIPRO","robots":{"index":"index","follow":"follow","max-snippet":"max-snippet:-1","max-image-preview":"max-image-preview:large","max-video-preview":"max-video-preview:-1"},"canonical":"http:\/\/box2468.temp.domains\/~ceiguaco\/efipro\/blog\/","og_locale":"en_US","og_type":"article","og_title":"Blog - EFIPRO","og_description":"Noticias","og_url":"http:\/\/box2468.temp.domains\/~ceiguaco\/efipro\/blog\/","og_site_name":"EFIPRO","article_publisher":"https:\/\/www.facebook.com\/profile.php?id=61552602182924","article_modified_time":"2024-07-19T20:36:26+00:00","twitter_card":"summary_large_image","twitter_site":"@efiprosa","twitter_misc":{"Est. reading time":"1 minute"},"schema":{"@context":"https:\/\/schema.org","@graph":[{"@type":"WebPage","@id":"http:\/\/box2468.temp.domains\/~ceiguaco\/efipro\/blog\/","url":"http:\/\/box2468.temp.domains\/~ceiguaco\/efipro\/blog\/","name":"Blog - EFIPRO","isPartOf":{"@id":"https:\/\/box2468.temp.domains\/~ceiguaco\/efipro\/#website"},"datePublished":"2023-10-22T06:15:52+00:00","dateModified":"2024-07-19T20:36:26+00:00","breadcrumb":{"@id":"http:\/\/box2468.temp.domains\/~ceiguaco\/efipro\/blog\/#breadcrumb"},"inLanguage":"en-US","potentialAction":[{"@type":"ReadAction","target":["http:\/\/box2468.temp.domains\/~ceiguaco\/efipro\/blog\/"]}]},{"@type":"BreadcrumbList","@id":"http:\/\/box2468.temp.domains\/~ceiguaco\/efipro\/blog\/#breadcrumb","itemListElement":[{"@type":"ListItem","position":1,"name":"Home","item":"https:\/\/box2468.temp.domains\/~ceiguaco\/efipro\/"},{"@type":"ListItem","position":2,"name":"Blog"}]},{"@type":"WebSite","@id":"https:\/\/box2468.temp.domains\/~ceiguaco\/efipro\/#website","url":"https:\/\/box2468.temp.domains\/~ceiguaco\/efipro\/","name":"EFIPRO","description":"Cada vez es m\u00e1s importante tomar medidas para reducir el impacto del cambio clim\u00e1tico. Una forma de hacerlo es mediante la mejora de la eficiencia energ\u00e9tica. Te mostramos los beneficios, normativas, pol\u00edticas y herramientas para llevarlo a cabo. \u00a1\u00danete a la revoluci\u00f3n verde!","publisher":{"@id":"https:\/\/box2468.temp.domains\/~ceiguaco\/efipro\/#organization"},"potentialAction":[{"@type":"SearchAction","target":{"@type":"EntryPoint","urlTemplate":"https:\/\/box2468.temp.domains\/~ceiguaco\/efipro\/?s={search_term_string}"},"query-input":{"@type":"PropertyValueSpecification","valueRequired":true,"valueName":"search_term_string"}}],"inLanguage":"en-US"},{"@type":"Organization","@id":"https:\/\/box2468.temp.domains\/~ceiguaco\/efipro\/#organization","name":"EFIPRO","url":"https:\/\/box2468.temp.domains\/~ceiguaco\/efipro\/","logo":{"@type":"ImageObject","inLanguage":"en-US","@id":"https:\/\/box2468.temp.domains\/~ceiguaco\/efipro\/#\/schema\/logo\/image\/","url":"https:\/\/i0.wp.com\/box2468.temp.domains\/~ceiguaco\/efipro\/wp-content\/uploads\/2023\/10\/g1-6.png?fit=555%2C462","contentUrl":"https:\/\/i0.wp.com\/box2468.temp.domains\/~ceiguaco\/efipro\/wp-content\/uploads\/2023\/10\/g1-6.png?fit=555%2C462","width":555,"height":462,"caption":"EFIPRO"},"image":{"@id":"https:\/\/box2468.temp.domains\/~ceiguaco\/efipro\/#\/schema\/logo\/image\/"},"sameAs":["https:\/\/www.facebook.com\/profile.php?id=61552602182924","https:\/\/x.com\/efiprosa"]}]}},"jetpack_sharing_enabled":true,"_links":{"self":[{"href":"http:\/\/box2468.temp.domains\/~ceiguaco\/efipro\/wp-json\/wp\/v2\/pages\/25","targetHints":{"allow":["GET"]}}],"collection":[{"href":"http:\/\/box2468.temp.domains\/~ceiguaco\/efipro\/wp-json\/wp\/v2\/pages"}],"about":[{"href":"http:\/\/box2468.temp.domains\/~ceiguaco\/efipro\/wp-json\/wp\/v2\/types\/page"}],"author":[{"embeddable":true,"href":"http:\/\/box2468.temp.domains\/~ceiguaco\/efipro\/wp-json\/wp\/v2\/users\/1"}],"replies":[{"embeddable":true,"href":"http:\/\/box2468.temp.domains\/~ceiguaco\/efipro\/wp-json\/wp\/v2\/comments?post=25"}],"version-history":[{"count":1,"href":"http:\/\/box2468.temp.domains\/~ceiguaco\/efipro\/wp-json\/wp\/v2\/pages\/25\/revisions"}],"predecessor-version":[{"id":92,"href":"http:\/\/box2468.temp.domains\/~ceiguaco\/efipro\/wp-json\/wp\/v2\/pages\/25\/revisions\/92"}],"wp:attachment":[{"href":"http:\/\/box2468.temp.domains\/~ceiguaco\/efipro\/wp-json\/wp\/v2\/media?parent=25"}],"curies":[{"name":"wp","href":"https:\/\/api.w.org\/{rel}","templated":true}]}}